{"id":388,"date":"2021-02-20T18:45:49","date_gmt":"2021-02-20T18:45:49","guid":{"rendered":"https:\/\/www.iodocs.com\/es\/?page_id=388"},"modified":"2021-03-04T15:05:17","modified_gmt":"2021-03-04T15:05:17","slug":"todo-sobre-la-revision-del-codigo","status":"publish","type":"page","link":"https:\/\/www.iodocs.com\/es\/todo-sobre-la-revision-del-codigo\/","title":{"rendered":"Todo sobre la revisi\u00f3n del c\u00f3digo"},"content":{"rendered":"<figure id=\"attachment_390\" aria-describedby=\"caption-attachment-390\" style=\"width: 680px\" class=\"wp-caption alignright\"><img loading=\"lazy\" decoding=\"async\" class=\"wp-image-390 size-full\" src=\"https:\/\/www.iodocs.com\/es\/wp-content\/uploads\/2021\/02\/CodeReview.jpg\" alt=\"code review\" width=\"680\" height=\"680\" srcset=\"https:\/\/www.iodocs.com\/es\/wp-content\/uploads\/2021\/02\/CodeReview.jpg 680w, https:\/\/www.iodocs.com\/es\/wp-content\/uploads\/2021\/02\/CodeReview-300x300.jpg 300w, https:\/\/www.iodocs.com\/es\/wp-content\/uploads\/2021\/02\/CodeReview-150x150.jpg 150w, https:\/\/www.iodocs.com\/es\/wp-content\/uploads\/2021\/02\/CodeReview-420x420.jpg 420w\" sizes=\"auto, (max-width: 680px) 100vw, 680px\" \/><figcaption id=\"caption-attachment-390\" class=\"wp-caption-text\">Code Review<\/figcaption><\/figure>\n<p><strong>Todo sobre la revisi\u00f3n del c\u00f3digo<\/strong><\/p>\n<p>Esta secci\u00f3n es una colecci\u00f3n revisada de art\u00edculos, herramientas, listas de verificaci\u00f3n, papers de fuentes confiables y otros recursos incre\u00edbles sobre revisiones de c\u00f3digo.<br \/>\nLas contribuciones son bienvenidas, destacando especialmente c\u00f3mo las diferentes empresas realizan revisiones de c\u00f3digo.<br \/>\nSi desea sugerir un nuevo recurso, favor de mandarnos un correo a admin@iodocs.com.<\/p>\n<p><strong>Contenido<\/strong><\/p>\n<ul>\n<li>Perspectivas de la empresa<\/li>\n<li><a href=\"#code-review-articles\">Art\u00edculos de revisi\u00f3n de c\u00f3digo<\/a><\/li>\n<li><a href=\"#code-review-tools\">Herramientas de revisi\u00f3n de c\u00f3digo<\/a><\/li>\n<li>V\u00eddeos de revisi\u00f3n de c\u00f3digo<\/li>\n<li>Listas de verificaci\u00f3n de revisi\u00f3n de c\u00f3digo<\/li>\n<\/ul>\n<h2>Informaci\u00f3n de diferentes empresas sobre sus pr\u00e1cticas de revisi\u00f3n de c\u00f3digo:<\/h2>\n<ul>\n<li><a href=\"https:\/\/research.fb.com\/publications\/scaling-static-analyses-at-facebook\/\" rel=\"nofollow\"><strong>Facebook<\/strong><\/a>: an\u00e1lisis est\u00e1tico de escala en Facebook <a href=\"https:\/\/www.iodocs.com\/es\/wp-content\/uploads\/2021\/02\/3338112.pdf\">PDF<\/a><\/li>\n<li><strong>Google<\/strong>: centrarse en revisiones r\u00e1pidas de c\u00f3digo<\/li>\n<li><strong>Google<\/strong>: pautas de revisi\u00f3n de c\u00f3digo<\/li>\n<li><strong>Microsoft<\/strong>: comprensi\u00f3n de las mejores pr\u00e1cticas de revisi\u00f3n de c\u00f3digo<\/li>\n<li><strong>Netlify<\/strong>: Escaleras de retroalimentaci\u00f3n para codificar retroalimentaci\u00f3n de revisi\u00f3n<\/li>\n<li><strong>New Relic<\/strong>: Creaci\u00f3n de pautas simples y efectivas para revisiones de c\u00f3digo<\/li>\n<li><strong>Palantir<\/strong>: c\u00f3mo hacemos revisiones de c\u00f3digo<\/li>\n<li><strong>Quora<\/strong>: uso de revisiones posteriores a la confirmaci\u00f3n para aumentar la velocidad.<\/li>\n<li><strong>PayPal<\/strong>: La opini\u00f3n de PayPal sobre las revisiones de c\u00f3digos<\/li>\n<\/ul>\n<h2 id=\"code-review-articles\"><a id=\"user-content-code-review-articles\" href=\"#code-review-articles\"><\/a>Art\u00edculos de revisi\u00f3n de c\u00f3digo<\/h2>\n<h2 id=\"code-review-tools\">Herramientas de revisi\u00f3n de c\u00f3digo<\/h2>\n<ul>\n<li><a href=\"https:\/\/www.atlassian.com\/software\/crucible\" rel=\"nofollow\">Crucible<\/a>.\u00a0Herramienta de revisi\u00f3n de c\u00f3digo local de Crucible Atlassian.<\/li>\n<li><a href=\"https:\/\/www.codacy.com\/\" rel=\"nofollow\">Codacy<\/a>.\u00a0Herramienta de an\u00e1lisis Codacy Static que act\u00faa como revisi\u00f3n de c\u00f3digo automatizada.<\/li>\n<li><a href=\"https:\/\/aws.amazon.com\/codeguru\" rel=\"nofollow\">CodeGuru<\/a>. La herramienta de an\u00e1lisis de c\u00f3digo automatizada habilitada por IA de Amazon.<\/li>\n<li><a href=\"https:\/\/www.codestream.com\/\" rel=\"nofollow\">CodeStream<\/a>.\u00a0Herramienta de colaboraci\u00f3n de c\u00f3digo CodeStream que permite revisiones de c\u00f3digo continuas.<\/li>\n<li><a href=\"https:\/\/www.gerritcodereview.com\/\" rel=\"nofollow\">Gerrit<\/a>.\u00a0Herramienta de revisi\u00f3n de c\u00f3digo git de c\u00f3digo abierto que se origina en Google.<\/li>\n<li><a href=\"https:\/\/github.com\/\">GitHub<\/a>.\u00a0Hosting Git y pionero del &#8220;Pull Request&#8221;.<\/li>\n<li><a href=\"https:\/\/gitpod.io\/\" rel=\"nofollow\">Gitpod<\/a>.\u00a0Solicitudes de extracci\u00f3n de revisi\u00f3n de c\u00f3digo de Gitpod en un IDE completo dentro de su navegador.<\/li>\n<li><a href=\"https:\/\/www.gitrise.com\/\" rel=\"nofollow\">GitRise<\/a>.\u00a0Recordatorios de GitRise Slack para solicitudes de extracci\u00f3n de GitHub<\/li>\n<li><a href=\"https:\/\/www.kiro.io\/\" rel=\"nofollow\">Kiro<\/a>.\u00a0Aplicaci\u00f3n Kiro GitHub que es su entrenador de relaciones p\u00fablicas: recordatorio de revisi\u00f3n y selecci\u00f3n de revisor.<\/li>\n<li><a href=\"https:\/\/lgtm.com\/\" rel=\"nofollow\">LGTM<\/a>.\u00a0Revisi\u00f3n de c\u00f3digo Git automatizada de LGTM para solicitudes de extracci\u00f3n de GitHub y Bitbucket para encontrar vulnerabilidades de seguridad y problemas de calidad del c\u00f3digo.<\/li>\n<li><a href=\"https:\/\/www.phacility.com\/phabricator\/\" rel=\"nofollow\">Phabricator<\/a>.\u00a0Herramienta de revisi\u00f3n de c\u00f3digo git \/ mercurial \/ svn de c\u00f3digo abierto que se origina en Facebook.<\/li>\n<li><a href=\"https:\/\/www.pullrequest.com\/\" rel=\"nofollow\">PullRequest<\/a>. Revisi\u00f3n de c\u00f3digo PullRequest como servicio para solicitudes de extracci\u00f3n de GitHub.<\/li>\n<li><a href=\"https:\/\/pullreminders.com\/\" rel=\"nofollow\">Pull Reminders<\/a>. Recordatorios de extracci\u00f3n Recordatorios y m\u00e9tricas de Slack automatizados para solicitudes de extracci\u00f3n de GitHub.<\/li>\n<li><a href=\"https:\/\/reviewable.io\/\" rel=\"nofollow\">Reviewable<\/a>.\u00a0Herramienta de revisi\u00f3n de c\u00f3digo revisable construida sobre las solicitudes de extracci\u00f3n de GitHub.<\/li>\n<li><a href=\"https:\/\/www.reviewboard.org\/\" rel=\"nofollow\">Review Board<\/a>.\u00a0Herramienta de revisi\u00f3n de c\u00f3digo abierto que es SCM \/ plataforma neutral.<\/li>\n<li><a href=\"https:\/\/www.rubberduck.io\/\" rel=\"nofollow\">Rubberduck<\/a>.Extensi\u00f3n Rubberduck Browser para agregar navegaci\u00f3n con reconocimiento de c\u00f3digo a las solicitudes de extracci\u00f3n de GitHub.<\/li>\n<li><a href=\"https:\/\/sider.review\/\" rel=\"nofollow\">Sider<\/a>. Servicio de revisi\u00f3n de c\u00f3digo automatizado de Sider para GitHub<\/li>\n<li><a href=\"https:\/\/softagram.com\/\" rel=\"nofollow\">Softagram<\/a>. Visualizaci\u00f3n automatizada de cambios de c\u00f3digo (y an\u00e1lisis de dependencia) para solicitudes de extracci\u00f3n, solicitudes de combinaci\u00f3n (GitLab) y conjuntos de parches (Gerrit)<\/li>\n<li><a href=\"https:\/\/sonarcloud.io\/\" rel=\"nofollow\">SonarCloud<\/a>. Detecta olores de c\u00f3digo, errores y vulnerabilidades en los repositorios de Azure DevOps, Bitbucket y GitHub<\/li>\n<li><a href=\"https:\/\/www.tugboat.qa\/\" rel=\"nofollow\">TugBoat<\/a>. Genera e implementa cada solicitud de extracci\u00f3n para obtener vistas previas m\u00e1s f\u00e1ciles del c\u00f3digo que se est\u00e1 revisando.<\/li>\n<li><a href=\"https:\/\/www.jetbrains.com\/upsource\/\" rel=\"nofollow\">Upsource<\/a>. Actualice la herramienta de revisi\u00f3n de c\u00f3digo git \/ mercurial \/ perforce \/ svn local de JetBrain.<\/li>\n<\/ul>\n<p>Clasificaci\u00f3n de textos<br \/>\n<a href=\"https:\/\/dl.acm.org\/doi\/pdf\/10.1145\/3269206.3271737\">Weakly-Supervised Neural Text Classification<\/a><\/p>\n","protected":false},"excerpt":{"rendered":"<p>Todo sobre la revisi\u00f3n del c\u00f3digo Esta secci\u00f3n es una colecci\u00f3n revisada de art\u00edculos, herramientas, listas de verificaci\u00f3n, papers de fuentes confiables y otros recursos incre\u00edbles sobre revisiones de c\u00f3digo. Las contribuciones son bienvenidas, destacando especialmente c\u00f3mo las diferentes empresas realizan revisiones de c\u00f3digo. Si desea sugerir un nuevo recurso, favor de mandarnos un correo [&hellip;]<\/p>\n","protected":false},"author":1,"featured_media":390,"parent":0,"menu_order":0,"comment_status":"closed","ping_status":"closed","template":"","meta":{"footnotes":""},"class_list":["post-388","page","type-page","status-publish","has-post-thumbnail"],"yoast_head":"<!-- This site is optimized with the Yoast SEO plugin v23.8 - https:\/\/yoast.com\/wordpress\/plugins\/seo\/ -->\n<title>Todo sobre la revisi\u00f3n del c\u00f3digo - IODocs Espa\u00f1ol<\/title>\n<meta name=\"robots\" content=\"index, follow, max-snippet:-1, max-image-preview:large, max-video-preview:-1\" \/>\n<link rel=\"canonical\" href=\"https:\/\/www.iodocs.com\/es\/todo-sobre-la-revision-del-codigo\/\" \/>\n<meta property=\"og:locale\" content=\"es_MX\" \/>\n<meta property=\"og:type\" content=\"article\" \/>\n<meta property=\"og:title\" content=\"Todo sobre la revisi\u00f3n del c\u00f3digo - IODocs Espa\u00f1ol\" \/>\n<meta property=\"og:description\" content=\"Todo sobre la revisi\u00f3n del c\u00f3digo Esta secci\u00f3n es una colecci\u00f3n revisada de art\u00edculos, herramientas, listas de verificaci\u00f3n, papers de fuentes confiables y otros recursos incre\u00edbles sobre revisiones de c\u00f3digo. Las contribuciones son bienvenidas, destacando especialmente c\u00f3mo las diferentes empresas realizan revisiones de c\u00f3digo. Si desea sugerir un nuevo recurso, favor de mandarnos un correo [&hellip;]\" \/>\n<meta property=\"og:url\" content=\"https:\/\/www.iodocs.com\/es\/todo-sobre-la-revision-del-codigo\/\" \/>\n<meta property=\"og:site_name\" content=\"IODocs Espa\u00f1ol\" \/>\n<meta property=\"article:modified_time\" content=\"2021-03-04T15:05:17+00:00\" \/>\n<meta property=\"og:image\" content=\"https:\/\/www.iodocs.com\/es\/wp-content\/uploads\/2021\/02\/CodeReview.jpg\" \/>\n\t<meta property=\"og:image:width\" content=\"680\" \/>\n\t<meta property=\"og:image:height\" content=\"680\" \/>\n\t<meta property=\"og:image:type\" content=\"image\/jpeg\" \/>\n<meta name=\"twitter:card\" content=\"summary_large_image\" \/>\n<meta name=\"twitter:label1\" content=\"Tiempo de lectura\" \/>\n\t<meta name=\"twitter:data1\" content=\"3 minutos\" \/>\n<script type=\"application\/ld+json\" class=\"yoast-schema-graph\">{\"@context\":\"https:\/\/schema.org\",\"@graph\":[{\"@type\":\"WebPage\",\"@id\":\"https:\/\/www.iodocs.com\/es\/todo-sobre-la-revision-del-codigo\/\",\"url\":\"https:\/\/www.iodocs.com\/es\/todo-sobre-la-revision-del-codigo\/\",\"name\":\"Todo sobre la revisi\u00f3n del c\u00f3digo - IODocs Espa\u00f1ol\",\"isPartOf\":{\"@id\":\"https:\/\/www.iodocs.com\/es\/#website\"},\"primaryImageOfPage\":{\"@id\":\"https:\/\/www.iodocs.com\/es\/todo-sobre-la-revision-del-codigo\/#primaryimage\"},\"image\":{\"@id\":\"https:\/\/www.iodocs.com\/es\/todo-sobre-la-revision-del-codigo\/#primaryimage\"},\"thumbnailUrl\":\"https:\/\/www.iodocs.com\/es\/wp-content\/uploads\/2021\/02\/CodeReview.jpg\",\"datePublished\":\"2021-02-20T18:45:49+00:00\",\"dateModified\":\"2021-03-04T15:05:17+00:00\",\"breadcrumb\":{\"@id\":\"https:\/\/www.iodocs.com\/es\/todo-sobre-la-revision-del-codigo\/#breadcrumb\"},\"inLanguage\":\"es\",\"potentialAction\":[{\"@type\":\"ReadAction\",\"target\":[\"https:\/\/www.iodocs.com\/es\/todo-sobre-la-revision-del-codigo\/\"]}]},{\"@type\":\"ImageObject\",\"inLanguage\":\"es\",\"@id\":\"https:\/\/www.iodocs.com\/es\/todo-sobre-la-revision-del-codigo\/#primaryimage\",\"url\":\"https:\/\/www.iodocs.com\/es\/wp-content\/uploads\/2021\/02\/CodeReview.jpg\",\"contentUrl\":\"https:\/\/www.iodocs.com\/es\/wp-content\/uploads\/2021\/02\/CodeReview.jpg\",\"width\":680,\"height\":680,\"caption\":\"Code Review\"},{\"@type\":\"BreadcrumbList\",\"@id\":\"https:\/\/www.iodocs.com\/es\/todo-sobre-la-revision-del-codigo\/#breadcrumb\",\"itemListElement\":[{\"@type\":\"ListItem\",\"position\":1,\"name\":\"Inicio\",\"item\":\"https:\/\/www.iodocs.com\/es\/\"},{\"@type\":\"ListItem\",\"position\":2,\"name\":\"Todo sobre la revisi\u00f3n del c\u00f3digo\"}]},{\"@type\":\"WebSite\",\"@id\":\"https:\/\/www.iodocs.com\/es\/#website\",\"url\":\"https:\/\/www.iodocs.com\/es\/\",\"name\":\"IODocs Espa\u00f1ol\",\"description\":\"IODocs, es la fuente del desarrollador para tutoriales de programaci\u00f3n\",\"potentialAction\":[{\"@type\":\"SearchAction\",\"target\":{\"@type\":\"EntryPoint\",\"urlTemplate\":\"https:\/\/www.iodocs.com\/es\/?s={search_term_string}\"},\"query-input\":{\"@type\":\"PropertyValueSpecification\",\"valueRequired\":true,\"valueName\":\"search_term_string\"}}],\"inLanguage\":\"es\"}]}<\/script>\n<!-- \/ Yoast SEO plugin. -->","yoast_head_json":{"title":"Todo sobre la revisi\u00f3n del c\u00f3digo - IODocs Espa\u00f1ol","robots":{"index":"index","follow":"follow","max-snippet":"max-snippet:-1","max-image-preview":"max-image-preview:large","max-video-preview":"max-video-preview:-1"},"canonical":"https:\/\/www.iodocs.com\/es\/todo-sobre-la-revision-del-codigo\/","og_locale":"es_MX","og_type":"article","og_title":"Todo sobre la revisi\u00f3n del c\u00f3digo - IODocs Espa\u00f1ol","og_description":"Todo sobre la revisi\u00f3n del c\u00f3digo Esta secci\u00f3n es una colecci\u00f3n revisada de art\u00edculos, herramientas, listas de verificaci\u00f3n, papers de fuentes confiables y otros recursos incre\u00edbles sobre revisiones de c\u00f3digo. Las contribuciones son bienvenidas, destacando especialmente c\u00f3mo las diferentes empresas realizan revisiones de c\u00f3digo. Si desea sugerir un nuevo recurso, favor de mandarnos un correo [&hellip;]","og_url":"https:\/\/www.iodocs.com\/es\/todo-sobre-la-revision-del-codigo\/","og_site_name":"IODocs Espa\u00f1ol","article_modified_time":"2021-03-04T15:05:17+00:00","og_image":[{"width":680,"height":680,"url":"https:\/\/www.iodocs.com\/es\/wp-content\/uploads\/2021\/02\/CodeReview.jpg","type":"image\/jpeg"}],"twitter_card":"summary_large_image","twitter_misc":{"Tiempo de lectura":"3 minutos"},"schema":{"@context":"https:\/\/schema.org","@graph":[{"@type":"WebPage","@id":"https:\/\/www.iodocs.com\/es\/todo-sobre-la-revision-del-codigo\/","url":"https:\/\/www.iodocs.com\/es\/todo-sobre-la-revision-del-codigo\/","name":"Todo sobre la revisi\u00f3n del c\u00f3digo - IODocs Espa\u00f1ol","isPartOf":{"@id":"https:\/\/www.iodocs.com\/es\/#website"},"primaryImageOfPage":{"@id":"https:\/\/www.iodocs.com\/es\/todo-sobre-la-revision-del-codigo\/#primaryimage"},"image":{"@id":"https:\/\/www.iodocs.com\/es\/todo-sobre-la-revision-del-codigo\/#primaryimage"},"thumbnailUrl":"https:\/\/www.iodocs.com\/es\/wp-content\/uploads\/2021\/02\/CodeReview.jpg","datePublished":"2021-02-20T18:45:49+00:00","dateModified":"2021-03-04T15:05:17+00:00","breadcrumb":{"@id":"https:\/\/www.iodocs.com\/es\/todo-sobre-la-revision-del-codigo\/#breadcrumb"},"inLanguage":"es","potentialAction":[{"@type":"ReadAction","target":["https:\/\/www.iodocs.com\/es\/todo-sobre-la-revision-del-codigo\/"]}]},{"@type":"ImageObject","inLanguage":"es","@id":"https:\/\/www.iodocs.com\/es\/todo-sobre-la-revision-del-codigo\/#primaryimage","url":"https:\/\/www.iodocs.com\/es\/wp-content\/uploads\/2021\/02\/CodeReview.jpg","contentUrl":"https:\/\/www.iodocs.com\/es\/wp-content\/uploads\/2021\/02\/CodeReview.jpg","width":680,"height":680,"caption":"Code Review"},{"@type":"BreadcrumbList","@id":"https:\/\/www.iodocs.com\/es\/todo-sobre-la-revision-del-codigo\/#breadcrumb","itemListElement":[{"@type":"ListItem","position":1,"name":"Inicio","item":"https:\/\/www.iodocs.com\/es\/"},{"@type":"ListItem","position":2,"name":"Todo sobre la revisi\u00f3n del c\u00f3digo"}]},{"@type":"WebSite","@id":"https:\/\/www.iodocs.com\/es\/#website","url":"https:\/\/www.iodocs.com\/es\/","name":"IODocs Espa\u00f1ol","description":"IODocs, es la fuente del desarrollador para tutoriales de programaci\u00f3n","potentialAction":[{"@type":"SearchAction","target":{"@type":"EntryPoint","urlTemplate":"https:\/\/www.iodocs.com\/es\/?s={search_term_string}"},"query-input":{"@type":"PropertyValueSpecification","valueRequired":true,"valueName":"search_term_string"}}],"inLanguage":"es"}]}},"_links":{"self":[{"href":"https:\/\/www.iodocs.com\/es\/wp-json\/wp\/v2\/pages\/388","targetHints":{"allow":["GET"]}}],"collection":[{"href":"https:\/\/www.iodocs.com\/es\/wp-json\/wp\/v2\/pages"}],"about":[{"href":"https:\/\/www.iodocs.com\/es\/wp-json\/wp\/v2\/types\/page"}],"author":[{"embeddable":true,"href":"https:\/\/www.iodocs.com\/es\/wp-json\/wp\/v2\/users\/1"}],"replies":[{"embeddable":true,"href":"https:\/\/www.iodocs.com\/es\/wp-json\/wp\/v2\/comments?post=388"}],"version-history":[{"count":25,"href":"https:\/\/www.iodocs.com\/es\/wp-json\/wp\/v2\/pages\/388\/revisions"}],"predecessor-version":[{"id":423,"href":"https:\/\/www.iodocs.com\/es\/wp-json\/wp\/v2\/pages\/388\/revisions\/423"}],"wp:featuredmedia":[{"embeddable":true,"href":"https:\/\/www.iodocs.com\/es\/wp-json\/wp\/v2\/media\/390"}],"wp:attachment":[{"href":"https:\/\/www.iodocs.com\/es\/wp-json\/wp\/v2\/media?parent=388"}],"curies":[{"name":"wp","href":"https:\/\/api.w.org\/{rel}","templated":true}]}}